{"id":3,"date":"2025-11-11T09:58:14","date_gmt":"2025-11-11T12:58:14","guid":{"rendered":"http:\/\/lgsengenharia.ind.br\/?page_id=3"},"modified":"2026-03-05T10:38:20","modified_gmt":"2026-03-05T13:38:20","slug":"politica-de-privacidade","status":"publish","type":"page","link":"https:\/\/lgsengenharia.ind.br\/lp\/politica-de-privacidade\/","title":{"rendered":"Pol\u00edtica de privacidade"},"content":{"rendered":"\t\t<div data-elementor-type=\"wp-page\" data-elementor-id=\"3\" class=\"elementor elementor-3\" data-elementor-post-type=\"page\">\n\t\t\t\t<div class=\"elementor-element elementor-element-53053866 e-flex e-con-boxed e-con e-parent\" data-id=\"53053866\" data-element_type=\"container\" data-settings=\"{&quot;background_background&quot;:&quot;gradient&quot;,&quot;position&quot;:&quot;absolute&quot;}\">\n\t\t\t\t\t<div class=\"e-con-inner\">\n\t\t\t\t<div class=\"elementor-element elementor-element-5460eee elementor-widget__width-initial elementor-invisible elementor-widget elementor-widget-image\" data-id=\"5460eee\" data-element_type=\"widget\" data-settings=\"{&quot;_animation&quot;:&quot;fadeIn&quot;}\" data-widget_type=\"image.default\">\n\t\t\t\t\t\t\t\t\t\t\t\t\t\t\t<img decoding=\"async\" width=\"350\" height=\"100\" src=\"https:\/\/lgsengenharia.ind.br\/lp\/wp-content\/uploads\/2025\/12\/logo-lgs-engenharia-negativo.svg\" class=\"attachment-large size-large wp-image-56\" alt=\"LGS Engenharia\" \/>\t\t\t\t\t\t\t\t\t\t\t\t\t\t\t<\/div>\n\t\t\t\t<div class=\"elementor-element elementor-element-1dc32ff elementor-widget elementor-widget-heading\" data-id=\"1dc32ff\" data-element_type=\"widget\" data-widget_type=\"heading.default\">\n\t\t\t\t\t<h2 class=\"elementor-heading-title elementor-size-default\">Pol\u00edtica de Privacidade\ne Prote\u00e7\u00e3o de Dados.<\/h2>\t\t\t\t<\/div>\n\t\t\t\t\t<\/div>\n\t\t\t\t<\/div>\n\t\t<div class=\"elementor-element elementor-element-4b23acbe e-flex e-con-boxed e-con e-parent\" data-id=\"4b23acbe\" data-element_type=\"container\">\n\t\t\t\t\t<div class=\"e-con-inner\">\n\t\t\t\t<div class=\"elementor-element elementor-element-253199e elementor-widget elementor-widget-heading\" data-id=\"253199e\" data-element_type=\"widget\" data-widget_type=\"heading.default\">\n\t\t\t\t\t<h2 class=\"elementor-heading-title elementor-size-default\"><p>N\u00f3s da <strong>LGS Engenharia<\/strong> prezamos pela privacidade dos dados dos usu\u00e1rios que s\u00e3o coletados por meio de nossos servi\u00e7os.<br>\nPedimos para que, caso n\u00e3o concorde com o conte\u00fado dessa pol\u00edtica, n\u00e3o use nossos servi\u00e7os ou materiais.<\/p>\n\n<p><strong>Os dados coletados e para que os usamos.<\/strong><\/p>\n\n<p>Em nossos servi\u00e7os, coletamos dados de clientes, tais como: nome, e-mail, etc, para realizar agendamentos, or\u00e7amentos, entre outras coisas. Vale lembrar que o cliente tem a liberdade de se descadastrar a qualquer momento e n\u00e3o receber mais nossos contatos. Ressalvamos que esses dados n\u00e3o ser\u00e3o repassados ou comercializados para terceiros em nenhuma hip\u00f3tese.<\/p>\n\n<p><strong>Uso dos dados para publicidade<\/strong><\/p>\n\n<p>Os dados coletados atrav\u00e9s dos formul\u00e1rios de contato de nosso website podem ser compartilhados com as empresas do grupo <strong>LGS Engenharia<\/strong> para serem utilizados em campanhas de an\u00fancios nas redes sociais e envio de e-mails com comunicados, novidades e ofertas para os clientes.<\/p>\n\n<p>O usu\u00e1rio que desejar parar de receber os e-mails ou a exibi\u00e7\u00e3o de an\u00fancios pode cancel\u00e1-los a qualquer momento na pr\u00f3pria plataforma, nossos e-mails cont\u00e9m um link para descadastramento e as redes sociais em que anunciamos possibilitam que o pr\u00f3prio usu\u00e1rio solicite para que os an\u00fancios n\u00e3o sejam mais exibidos a ele, tamb\u00e9m nos colocamos \u00e0 disposi\u00e7\u00e3o para efetuarmos o descadastramento caso o usu\u00e1rio precise de aux\u00edlio, basta entrar em contato atrav\u00e9s do e-mail contato@lgsengenharia.ind.br.<\/p>\n\n<p><strong>Mudan\u00e7as na Pol\u00edtica de Privacidade<\/strong><\/p>\n\n<p>O conte\u00fado dessa pol\u00edtica de privacidade pode ser atualizado a qualquer momento, pedimos para que visite esta p\u00e1gina periodicamente. Antes de usarmos seus dados para algo n\u00e3o especificado nessa pol\u00edtica, solicitaremos sua autoriza\u00e7\u00e3o.<\/p>\n\n<p><strong>O que s\u00e3o cookies?<\/strong><\/p>\n\n<p>Cookies s\u00e3o arquivos de textos criptografados geralmente encontrados nos diret\u00f3rios de navegadores para ajudar usu\u00e1rios a navegarem pelo site de maneira eficiente. Informamos abaixo nesta mesma pol\u00edtica qual procedimento o usu\u00e1rio dever\u00e1 seguir se desejar excluir quaisquer cookies ap\u00f3s a navega\u00e7\u00e3o.<\/p>\n\n<p><strong>Para que servem os cookies?<\/strong><\/p>\n\n<p>Os cookies presentes no website da <strong>LGS Engenharia<\/strong> s\u00e3o utilizados para registrar sua visita, acompanhar a maneira que a p\u00e1gina est\u00e1 sendo encontrada dentro da web e entender suas prefer\u00eancias atrav\u00e9s das p\u00e1ginas visitadas frequentemente e para desenvolver an\u00fancios direcionados aos seus interesses reais..<\/p>\n\n<p><strong>Como gerenciar suas prefer\u00eancias de cookies?<\/strong><\/p>\n\n<p>O navegador da Web permite que seus usu\u00e1rios gerenciem as suas prefer\u00eancias, recusando ou removendo os cookies conforme sua vontade.<\/p>\n\n<p>O procedimento \u00e9 bem simples:<\/p>\n\n<ul>\n  <li>Dentro do seu navegador, entre na aba de configura\u00e7\u00f5es e realize o gerenciamento dos cookies sobre as op\u00e7\u00f5es de recusar cookies ou exclu\u00ed-los.<\/li>\n  <li>Tamb\u00e9m existem softwares que detectam cookies e excluem com a autoriza\u00e7\u00e3o do usu\u00e1rio.<\/li>\n<\/ul>\n<br>\n<p><strong>Contato<\/strong><\/p>\n\n<p>Qualquer d\u00favida em rela\u00e7\u00e3o \u00e0 nossa pol\u00edtica de privacidade pode ser esclarecida, entre em contato conosco.<\/p>\n<\/h2>\t\t\t\t<\/div>\n\t\t\t\t\t<\/div>\n\t\t\t\t<\/div>\n\t\t<div class=\"elementor-element elementor-element-6814b385 e-flex e-con-boxed e-con e-parent\" data-id=\"6814b385\" data-element_type=\"container\" data-settings=\"{&quot;background_background&quot;:&quot;classic&quot;}\">\n\t\t\t\t\t<div class=\"e-con-inner\">\n\t\t\t\t<div class=\"elementor-element elementor-element-207327db elementor-widget elementor-widget-text-editor\" data-id=\"207327db\" data-element_type=\"widget\" data-widget_type=\"text-editor.default\">\n\t\t\t\t\t\t\t\t\t<a style=\"color: #ffffff;\" href=\"https:\/\/idonea.com.br\/?utm_source=referral&#038;utm_medium=cliente&#038;utm_campaign=rodape&#038;utm_term=lgs-engenharia&#038;utm_content=lp-paineis-eletricos\" target=\"_blank\" rel=\"noopener\">\u00a9 Id\u00f4nea Comunica\u00e7\u00e3o |<\/a> <a style=\"color: #ffffff;\" href=\"https:\/\/lgsengenharia.ind.br\/lp\/site\/politica-de-privacidade\/\" target=\"_blank\" rel=\"noopener\">Pol\u00edtica de Privacidade<\/a>\t\t\t\t\t\t\t\t<\/div>\n\t\t\t\t\t<\/div>\n\t\t\t\t<\/div>\n\t\t\t\t<\/div>\n\t\t","protected":false},"excerpt":{"rendered":"<p>Pol\u00edtica de Privacidade e Prote\u00e7\u00e3o de Dados. N\u00f3s da LGS Engenharia prezamos pela privacidade dos dados dos usu\u00e1rios que s\u00e3o coletados por meio de nossos servi\u00e7os. Pedimos para que, caso n\u00e3o concorde com o conte\u00fado dessa pol\u00edtica, n\u00e3o use nossos servi\u00e7os ou materiais. Os dados coletados e para que os usamos. Em nossos servi\u00e7os, coletamos [&hellip;]<\/p>\n","protected":false},"author":1,"featured_media":0,"parent":0,"menu_order":0,"comment_status":"closed","ping_status":"closed","template":"elementor_canvas","meta":{"footnotes":""},"class_list":["post-3","page","type-page","status-publish","hentry"],"yoast_head":"<!-- This site is optimized with the Yoast SEO plugin v27.3 - https:\/\/yoast.com\/product\/yoast-seo-wordpress\/ -->\n<title>Pol\u00edtica de privacidade - LGS Engenharia<\/title>\n<meta name=\"description\" content=\"N\u00f3s da LGS Engenharia prezamos pela privacidade dos dados dos usu\u00e1rios que s\u00e3o coletados por meio de nossos servi\u00e7os.\" \/>\n<meta name=\"robots\" content=\"index, follow, max-snippet:-1, max-image-preview:large, max-video-preview:-1\" \/>\n<link rel=\"canonical\" href=\"https:\/\/lgsengenharia.ind.br\/lp\/politica-de-privacidade\/\" \/>\n<meta property=\"og:locale\" content=\"pt_BR\" \/>\n<meta property=\"og:type\" content=\"article\" \/>\n<meta property=\"og:title\" content=\"Pol\u00edtica de privacidade - LGS Engenharia\" \/>\n<meta property=\"og:description\" content=\"N\u00f3s da LGS Engenharia prezamos pela privacidade dos dados dos usu\u00e1rios que s\u00e3o coletados por meio de nossos servi\u00e7os.\" \/>\n<meta property=\"og:url\" content=\"https:\/\/lgsengenharia.ind.br\/lp\/politica-de-privacidade\/\" \/>\n<meta property=\"og:site_name\" content=\"LGS Engenharia\" \/>\n<meta property=\"article:modified_time\" content=\"2026-03-05T13:38:20+00:00\" \/>\n<meta property=\"og:image\" content=\"https:\/\/lgsengenharia.ind.br\/lp\/wp-content\/uploads\/2026\/03\/Thumbnail-LGS-Engenharia.png\" \/>\n\t<meta property=\"og:image:width\" content=\"1920\" \/>\n\t<meta property=\"og:image:height\" content=\"1080\" \/>\n\t<meta property=\"og:image:type\" content=\"image\/png\" \/>\n<meta name=\"twitter:card\" content=\"summary_large_image\" \/>\n<meta name=\"twitter:label1\" content=\"Est. tempo de leitura\" \/>\n\t<meta name=\"twitter:data1\" content=\"3 minutos\" \/>\n<script type=\"application\/ld+json\" class=\"yoast-schema-graph\">{\"@context\":\"https:\\\/\\\/schema.org\",\"@graph\":[{\"@type\":\"WebPage\",\"@id\":\"https:\\\/\\\/lgsengenharia.ind.br\\\/lp\\\/politica-de-privacidade\\\/\",\"url\":\"https:\\\/\\\/lgsengenharia.ind.br\\\/lp\\\/politica-de-privacidade\\\/\",\"name\":\"Pol\u00edtica de privacidade - LGS Engenharia\",\"isPartOf\":{\"@id\":\"https:\\\/\\\/lgsengenharia.ind.br\\\/lp\\\/#website\"},\"primaryImageOfPage\":{\"@id\":\"https:\\\/\\\/lgsengenharia.ind.br\\\/lp\\\/politica-de-privacidade\\\/#primaryimage\"},\"image\":{\"@id\":\"https:\\\/\\\/lgsengenharia.ind.br\\\/lp\\\/politica-de-privacidade\\\/#primaryimage\"},\"thumbnailUrl\":\"https:\\\/\\\/lgsengenharia.ind.br\\\/lp\\\/wp-content\\\/uploads\\\/2025\\\/12\\\/logo-lgs-engenharia-negativo.svg\",\"datePublished\":\"2025-11-11T12:58:14+00:00\",\"dateModified\":\"2026-03-05T13:38:20+00:00\",\"description\":\"N\u00f3s da LGS Engenharia prezamos pela privacidade dos dados dos usu\u00e1rios que s\u00e3o coletados por meio de nossos servi\u00e7os.\",\"breadcrumb\":{\"@id\":\"https:\\\/\\\/lgsengenharia.ind.br\\\/lp\\\/politica-de-privacidade\\\/#breadcrumb\"},\"inLanguage\":\"pt-BR\",\"potentialAction\":[{\"@type\":\"ReadAction\",\"target\":[\"https:\\\/\\\/lgsengenharia.ind.br\\\/lp\\\/politica-de-privacidade\\\/\"]}]},{\"@type\":\"ImageObject\",\"inLanguage\":\"pt-BR\",\"@id\":\"https:\\\/\\\/lgsengenharia.ind.br\\\/lp\\\/politica-de-privacidade\\\/#primaryimage\",\"url\":\"https:\\\/\\\/lgsengenharia.ind.br\\\/lp\\\/wp-content\\\/uploads\\\/2025\\\/12\\\/logo-lgs-engenharia-negativo.svg\",\"contentUrl\":\"https:\\\/\\\/lgsengenharia.ind.br\\\/lp\\\/wp-content\\\/uploads\\\/2025\\\/12\\\/logo-lgs-engenharia-negativo.svg\",\"width\":350,\"height\":100,\"caption\":\"LGS Engenharia\"},{\"@type\":\"BreadcrumbList\",\"@id\":\"https:\\\/\\\/lgsengenharia.ind.br\\\/lp\\\/politica-de-privacidade\\\/#breadcrumb\",\"itemListElement\":[{\"@type\":\"ListItem\",\"position\":1,\"name\":\"In\u00edcio\",\"item\":\"https:\\\/\\\/lgsengenharia.ind.br\\\/lp\\\/\"},{\"@type\":\"ListItem\",\"position\":2,\"name\":\"Pol\u00edtica de privacidade\"}]},{\"@type\":\"WebSite\",\"@id\":\"https:\\\/\\\/lgsengenharia.ind.br\\\/lp\\\/#website\",\"url\":\"https:\\\/\\\/lgsengenharia.ind.br\\\/lp\\\/\",\"name\":\"LGS Engenharia\",\"description\":\"Engenharia Industrial Integrada\",\"publisher\":{\"@id\":\"https:\\\/\\\/lgsengenharia.ind.br\\\/lp\\\/#organization\"},\"potentialAction\":[{\"@type\":\"SearchAction\",\"target\":{\"@type\":\"EntryPoint\",\"urlTemplate\":\"https:\\\/\\\/lgsengenharia.ind.br\\\/lp\\\/?s={search_term_string}\"},\"query-input\":{\"@type\":\"PropertyValueSpecification\",\"valueRequired\":true,\"valueName\":\"search_term_string\"}}],\"inLanguage\":\"pt-BR\"},{\"@type\":\"Organization\",\"@id\":\"https:\\\/\\\/lgsengenharia.ind.br\\\/lp\\\/#organization\",\"name\":\"LGS Engenharia\",\"url\":\"https:\\\/\\\/lgsengenharia.ind.br\\\/lp\\\/\",\"logo\":{\"@type\":\"ImageObject\",\"inLanguage\":\"pt-BR\",\"@id\":\"https:\\\/\\\/lgsengenharia.ind.br\\\/lp\\\/#\\\/schema\\\/logo\\\/image\\\/\",\"url\":\"https:\\\/\\\/lgsengenharia.ind.br\\\/lp\\\/wp-content\\\/uploads\\\/2025\\\/11\\\/logo-lgs-engenharia.svg\",\"contentUrl\":\"https:\\\/\\\/lgsengenharia.ind.br\\\/lp\\\/wp-content\\\/uploads\\\/2025\\\/11\\\/logo-lgs-engenharia.svg\",\"width\":350,\"height\":100,\"caption\":\"LGS Engenharia\"},\"image\":{\"@id\":\"https:\\\/\\\/lgsengenharia.ind.br\\\/lp\\\/#\\\/schema\\\/logo\\\/image\\\/\"}}]}<\/script>\n<!-- \/ Yoast SEO plugin. -->","yoast_head_json":{"title":"Pol\u00edtica de privacidade - LGS Engenharia","description":"N\u00f3s da LGS Engenharia prezamos pela privacidade dos dados dos usu\u00e1rios que s\u00e3o coletados por meio de nossos servi\u00e7os.","robots":{"index":"index","follow":"follow","max-snippet":"max-snippet:-1","max-image-preview":"max-image-preview:large","max-video-preview":"max-video-preview:-1"},"canonical":"https:\/\/lgsengenharia.ind.br\/lp\/politica-de-privacidade\/","og_locale":"pt_BR","og_type":"article","og_title":"Pol\u00edtica de privacidade - LGS Engenharia","og_description":"N\u00f3s da LGS Engenharia prezamos pela privacidade dos dados dos usu\u00e1rios que s\u00e3o coletados por meio de nossos servi\u00e7os.","og_url":"https:\/\/lgsengenharia.ind.br\/lp\/politica-de-privacidade\/","og_site_name":"LGS Engenharia","article_modified_time":"2026-03-05T13:38:20+00:00","og_image":[{"width":1920,"height":1080,"url":"https:\/\/lgsengenharia.ind.br\/lp\/wp-content\/uploads\/2026\/03\/Thumbnail-LGS-Engenharia.png","type":"image\/png"}],"twitter_card":"summary_large_image","twitter_misc":{"Est. tempo de leitura":"3 minutos"},"schema":{"@context":"https:\/\/schema.org","@graph":[{"@type":"WebPage","@id":"https:\/\/lgsengenharia.ind.br\/lp\/politica-de-privacidade\/","url":"https:\/\/lgsengenharia.ind.br\/lp\/politica-de-privacidade\/","name":"Pol\u00edtica de privacidade - LGS Engenharia","isPartOf":{"@id":"https:\/\/lgsengenharia.ind.br\/lp\/#website"},"primaryImageOfPage":{"@id":"https:\/\/lgsengenharia.ind.br\/lp\/politica-de-privacidade\/#primaryimage"},"image":{"@id":"https:\/\/lgsengenharia.ind.br\/lp\/politica-de-privacidade\/#primaryimage"},"thumbnailUrl":"https:\/\/lgsengenharia.ind.br\/lp\/wp-content\/uploads\/2025\/12\/logo-lgs-engenharia-negativo.svg","datePublished":"2025-11-11T12:58:14+00:00","dateModified":"2026-03-05T13:38:20+00:00","description":"N\u00f3s da LGS Engenharia prezamos pela privacidade dos dados dos usu\u00e1rios que s\u00e3o coletados por meio de nossos servi\u00e7os.","breadcrumb":{"@id":"https:\/\/lgsengenharia.ind.br\/lp\/politica-de-privacidade\/#breadcrumb"},"inLanguage":"pt-BR","potentialAction":[{"@type":"ReadAction","target":["https:\/\/lgsengenharia.ind.br\/lp\/politica-de-privacidade\/"]}]},{"@type":"ImageObject","inLanguage":"pt-BR","@id":"https:\/\/lgsengenharia.ind.br\/lp\/politica-de-privacidade\/#primaryimage","url":"https:\/\/lgsengenharia.ind.br\/lp\/wp-content\/uploads\/2025\/12\/logo-lgs-engenharia-negativo.svg","contentUrl":"https:\/\/lgsengenharia.ind.br\/lp\/wp-content\/uploads\/2025\/12\/logo-lgs-engenharia-negativo.svg","width":350,"height":100,"caption":"LGS Engenharia"},{"@type":"BreadcrumbList","@id":"https:\/\/lgsengenharia.ind.br\/lp\/politica-de-privacidade\/#breadcrumb","itemListElement":[{"@type":"ListItem","position":1,"name":"In\u00edcio","item":"https:\/\/lgsengenharia.ind.br\/lp\/"},{"@type":"ListItem","position":2,"name":"Pol\u00edtica de privacidade"}]},{"@type":"WebSite","@id":"https:\/\/lgsengenharia.ind.br\/lp\/#website","url":"https:\/\/lgsengenharia.ind.br\/lp\/","name":"LGS Engenharia","description":"Engenharia Industrial Integrada","publisher":{"@id":"https:\/\/lgsengenharia.ind.br\/lp\/#organization"},"potentialAction":[{"@type":"SearchAction","target":{"@type":"EntryPoint","urlTemplate":"https:\/\/lgsengenharia.ind.br\/lp\/?s={search_term_string}"},"query-input":{"@type":"PropertyValueSpecification","valueRequired":true,"valueName":"search_term_string"}}],"inLanguage":"pt-BR"},{"@type":"Organization","@id":"https:\/\/lgsengenharia.ind.br\/lp\/#organization","name":"LGS Engenharia","url":"https:\/\/lgsengenharia.ind.br\/lp\/","logo":{"@type":"ImageObject","inLanguage":"pt-BR","@id":"https:\/\/lgsengenharia.ind.br\/lp\/#\/schema\/logo\/image\/","url":"https:\/\/lgsengenharia.ind.br\/lp\/wp-content\/uploads\/2025\/11\/logo-lgs-engenharia.svg","contentUrl":"https:\/\/lgsengenharia.ind.br\/lp\/wp-content\/uploads\/2025\/11\/logo-lgs-engenharia.svg","width":350,"height":100,"caption":"LGS Engenharia"},"image":{"@id":"https:\/\/lgsengenharia.ind.br\/lp\/#\/schema\/logo\/image\/"}}]}},"_links":{"self":[{"href":"https:\/\/lgsengenharia.ind.br\/lp\/wp-json\/wp\/v2\/pages\/3","targetHints":{"allow":["GET"]}}],"collection":[{"href":"https:\/\/lgsengenharia.ind.br\/lp\/wp-json\/wp\/v2\/pages"}],"about":[{"href":"https:\/\/lgsengenharia.ind.br\/lp\/wp-json\/wp\/v2\/types\/page"}],"author":[{"embeddable":true,"href":"https:\/\/lgsengenharia.ind.br\/lp\/wp-json\/wp\/v2\/users\/1"}],"replies":[{"embeddable":true,"href":"https:\/\/lgsengenharia.ind.br\/lp\/wp-json\/wp\/v2\/comments?post=3"}],"version-history":[{"count":33,"href":"https:\/\/lgsengenharia.ind.br\/lp\/wp-json\/wp\/v2\/pages\/3\/revisions"}],"predecessor-version":[{"id":567,"href":"https:\/\/lgsengenharia.ind.br\/lp\/wp-json\/wp\/v2\/pages\/3\/revisions\/567"}],"wp:attachment":[{"href":"https:\/\/lgsengenharia.ind.br\/lp\/wp-json\/wp\/v2\/media?parent=3"}],"curies":[{"name":"wp","href":"https:\/\/api.w.org\/{rel}","templated":true}]}}